{"id":6687,"date":"2023-03-08T12:10:30","date_gmt":"2023-03-08T11:10:30","guid":{"rendered":"https:\/\/terremarine.it\/cookie-policy\/"},"modified":"2024-03-25T18:30:02","modified_gmt":"2024-03-25T17:30:02","slug":"politique-en-matiere-de-cookies","status":"publish","type":"page","link":"https:\/\/terremarine.it\/fr\/politique-en-matiere-de-cookies\/","title":{"rendered":"Politique en mati\u00e8re de Cookies"},"content":{"rendered":"\t\t<div data-elementor-type=\"wp-page\" data-elementor-id=\"6687\" class=\"elementor elementor-6687 elementor-2911\" data-elementor-post-type=\"page\">\n\t\t\t\t<div class=\"elementor-element elementor-element-e332438 e-flex e-con-boxed e-con e-parent\" data-id=\"e332438\" data-element_type=\"container\" data-e-type=\"container\">\n\t\t\t\t\t<div class=\"e-con-inner\">\n\t\t\t\t<div class=\"elementor-element elementor-element-2b6b3a4 elementor-widget__width-auto elementor-absolute elementor-hidden-tablet elementor-hidden-mobile elementor-view-default elementor-invisible elementor-widget elementor-widget-icon\" data-id=\"2b6b3a4\" data-element_type=\"widget\" data-e-type=\"widget\" data-settings=\"{&quot;_position&quot;:&quot;absolute&quot;,&quot;_animation&quot;:&quot;zoomIn&quot;}\" data-widget_type=\"icon.default\">\n\t\t\t\t<div class=\"elementor-widget-container\">\n\t\t\t\t\t\t\t<div class=\"elementor-icon-wrapper\">\n\t\t\t<div class=\"elementor-icon\">\n\t\t\t<svg aria-hidden=\"true\" class=\"e-font-icon-svg e-fas-circle\" viewBox=\"0 0 512 512\" xmlns=\"http:\/\/www.w3.org\/2000\/svg\"><path d=\"M256 8C119 8 8 119 8 256s111 248 248 248 248-111 248-248S393 8 256 8z\"><\/path><\/svg>\t\t\t<\/div>\n\t\t<\/div>\n\t\t\t\t\t\t<\/div>\n\t\t\t\t<\/div>\n\t\t<div class=\"elementor-element elementor-element-bfec7ce e-con-full e-flex e-con e-child\" data-id=\"bfec7ce\" data-element_type=\"container\" data-e-type=\"container\">\n\t\t\t\t<div class=\"elementor-element elementor-element-c2aee0a elementor-widget__width-inherit elementor-invisible elementor-widget elementor-widget-heading\" data-id=\"c2aee0a\" data-element_type=\"widget\" data-e-type=\"widget\" data-settings=\"{&quot;_animation&quot;:&quot;fadeIn&quot;}\" data-widget_type=\"heading.default\">\n\t\t\t\t<div class=\"elementor-widget-container\">\n\t\t\t\t\t<h1 class=\"elementor-heading-title elementor-size-default\">Politique en mati\u00e8re de Cookies<\/h1>\t\t\t\t<\/div>\n\t\t\t\t<\/div>\n\t\t\t\t<div class=\"elementor-element elementor-element-f735071 elementor-widget elementor-widget-text-editor\" data-id=\"f735071\" data-element_type=\"widget\" data-e-type=\"widget\" data-widget_type=\"text-editor.default\">\n\t\t\t\t<div class=\"elementor-widget-container\">\n\t\t\t\t\t\t\t\t\t<p>Date de la derni\u00e8re mise \u00e0 jour: 08-Mar-2023<\/p><h5>Qu\u2019est-ce qu\u2019un Cookie?<\/h5><div class=\"cookie-policy-p\"><p>Cette politique explique ce que sont les cookies et comment on les utilise, les typologies, c\u2019est-\u00e0-dire les informations qu\u2019on obtient en utilisant les cookies et comment ces informations sont utilis\u00e9es, et finalement comment g\u00e9rer les param\u00e8tres des cookies.<\/p><p>Les cookies sont de petits fichiers de texte utilis\u00e9s pour m\u00e9moriser des informations sur votre appareil. Ils sont m\u00e9moris\u00e9s sur votre dispositif quand le site web est charg\u00e9 sur votre navigateur. Ces cookies aident \u00e0 faire fonctionner correctement le site, \u00e0 augmenter la s\u00e9curit\u00e9, \u00e0 fournir une meilleure exp\u00e9rience \u00e0 l\u2019utilisateur ainsi qu\u2019\u00e0 mieux comprendre comment fonctionne le site web, en analysant aussi ce qui fonctionne et ce qui doit \u00eatre am\u00e9lior\u00e9.<\/p><\/div><h5>Comment on utilise les cookies?<\/h5><div class=\"cookie-policy-p\"><p>Comme la plupart des services en ligne, notre site utilise des cookies propri\u00e9taires et de tiers pour diff\u00e9rents objectifs. Les cookies de premi\u00e8re partie sont n\u00e9cessaires pour le bon fonctionnement du site Web et ils ne prennent pas de donn\u00e9es personnelles.<\/p><p>Les cookies de tiers utilis\u00e9s sur notre site web servent essentiellement \u00e0 comprendre comment fonctionne le site web, comment l\u2019utilisateur interagit avec le site, en maintenant les services en s\u00e9curit\u00e9, en fournissant de la publicit\u00e9 pertinente ainsi qu\u2019en donnant une meilleure exp\u00e9rience \u00e0 l\u2019utilisateur naviguant sur le site Web.<\/p><\/div><h5>Typologies de cookies qu\u2019on utilise<\/h5><div class=\"cky-audit-table-element\">\u00a0<\/div><h5 style=\"margin-bottom: 20px;\">G\u00e9rer vos pr\u00e9f\u00e9rences en mati\u00e8re de cookies<\/h5><p>Param\u00e8tres des cookies<\/p><div><p>Vous pouvez modifier vos pr\u00e9f\u00e9rences en mati\u00e8re de cookies \u00e0 tout moment en cliquant sur le bouton ci-dessus. De cette fa\u00e7on, vous pouvez visiter \u00e0 nouveau le bandeau cookies et modifier vos pr\u00e9f\u00e9rences ou retirer votre consentement.<\/p><p>En plus de cela, diff\u00e9rents navigateurs mettent \u00e0 votre disposition diff\u00e9rentes m\u00e9thodes afin de bloquer ou \u00e9liminer les cookies utilis\u00e9s par le site Web. <\/p><p>Chrome: <a href=\"https:\/\/support.google.com\/accounts\/answer\/32050\" target=\"_blank\" rel=\"noopener noreferrer\">https:\/\/support.google.com\/accounts\/answer\/32050<\/a><\/p><p>Safari: <a href=\"https:\/\/support.apple.com\/en-in\/guide\/safari\/sfri11471\/mac\" target=\"_blank\" rel=\"noopener noreferrer\">https:\/\/support.apple.com\/en-in\/guide\/safari\/sfri11471\/mac<\/a><\/p><p>Firefox: <a href=\"https:\/\/support.mozilla.org\/en-US\/kb\/clear-cookies-and-site-data-firefox?redirectslug=delete-cookies-remove-info-websites-stored&amp;redirectlocale=en-US\" target=\"_blank\" rel=\"noopener noreferrer\">https:\/\/support.mozilla.org\/en-US\/kb\/clear-cookies-and-site-data-firefox?redirectslug=delete-cookies-remove-info-websites-stored&amp;redirectlocale=en-US<\/a><\/p><p>Internet Explorer: <a href=\"https:\/\/support.microsoft.com\/en-us\/topic\/how-to-delete-cookie-files-in-internet-explorer-bca9446f-d873-78de-77ba-d42645fa52fc\" target=\"_blank\" rel=\"noopener noreferrer\">https:\/\/support.microsoft.com\/en-us\/topic\/how-to-delete-cookie-files-in-internet-explorer-bca9446f-d873-78de-77ba-d42645fa52fc<\/a><\/p><p>Si vous utilisez un autre navigateur, visitez les documents de support officiels du m\u00eame navigateur.<\/p><\/div>\t\t\t\t\t\t\t\t<\/div>\n\t\t\t\t<\/div>\n\t\t\t\t<\/div>\n\t\t\t\t\t<\/div>\n\t\t\t\t<\/div>\n\t\t\t\t<\/div>\n\t\t","protected":false},"excerpt":{"rendered":"<p>Politique en mati\u00e8re de Cookies Date de la derni\u00e8re mise \u00e0 jour: 08-Mar-2023 Qu\u2019est-ce qu\u2019un Cookie? Cette politique explique ce que sont les cookies et comment on les utilise, les typologies, c\u2019est-\u00e0-dire les informations qu\u2019on obtient en utilisant les cookies et comment ces informations sont utilis\u00e9es, et finalement comment g\u00e9rer les param\u00e8tres des cookies. Les [&hellip;]<\/p>\n","protected":false},"author":1,"featured_media":0,"parent":0,"menu_order":0,"comment_status":"closed","ping_status":"closed","template":"","meta":{"_acf_changed":false,"footnotes":""},"class_list":["post-6687","page","type-page","status-publish","hentry"],"acf":[],"yoast_head":"<!-- This site is optimized with the Yoast SEO plugin v27.1.1 - https:\/\/yoast.com\/product\/yoast-seo-wordpress\/ -->\n<title>Politique en mati\u00e8re de Cookies - Terre Marine<\/title>\n<meta name=\"robots\" content=\"index, follow, max-snippet:-1, max-image-preview:large, max-video-preview:-1\" \/>\n<link rel=\"canonical\" href=\"https:\/\/terremarine.it\/fr\/politique-en-matiere-de-cookies\/\" \/>\n<meta property=\"og:locale\" content=\"fr_FR\" \/>\n<meta property=\"og:type\" content=\"article\" \/>\n<meta property=\"og:title\" content=\"Politique en mati\u00e8re de Cookies - Terre Marine\" \/>\n<meta property=\"og:description\" content=\"Politique en mati\u00e8re de Cookies Date de la derni\u00e8re mise \u00e0 jour: 08-Mar-2023 Qu\u2019est-ce qu\u2019un Cookie? Cette politique explique ce que sont les cookies et comment on les utilise, les typologies, c\u2019est-\u00e0-dire les informations qu\u2019on obtient en utilisant les cookies et comment ces informations sont utilis\u00e9es, et finalement comment g\u00e9rer les param\u00e8tres des cookies. Les [&hellip;]\" \/>\n<meta property=\"og:url\" content=\"https:\/\/terremarine.it\/fr\/politique-en-matiere-de-cookies\/\" \/>\n<meta property=\"og:site_name\" content=\"Terre Marine\" \/>\n<meta property=\"article:publisher\" content=\"https:\/\/www.facebook.com\/terremarinesp\" \/>\n<meta property=\"article:modified_time\" content=\"2024-03-25T17:30:02+00:00\" \/>\n<meta property=\"og:image\" content=\"https:\/\/terremarine.it\/wp-content\/uploads\/2023\/02\/logo-terre-marine-og.jpg\" \/>\n\t<meta property=\"og:image:width\" content=\"1200\" \/>\n\t<meta property=\"og:image:height\" content=\"675\" \/>\n\t<meta property=\"og:image:type\" content=\"image\/jpeg\" \/>\n<meta name=\"twitter:card\" content=\"summary_large_image\" \/>\n<meta name=\"twitter:label1\" content=\"Dur\u00e9e de lecture estim\u00e9e\" \/>\n\t<meta name=\"twitter:data1\" content=\"2 minutes\" \/>\n<script type=\"application\/ld+json\" class=\"yoast-schema-graph\">{\"@context\":\"https:\/\/schema.org\",\"@graph\":[{\"@type\":\"WebPage\",\"@id\":\"https:\/\/terremarine.it\/fr\/politique-en-matiere-de-cookies\/\",\"url\":\"https:\/\/terremarine.it\/fr\/politique-en-matiere-de-cookies\/\",\"name\":\"Politique en mati\u00e8re de Cookies - Terre Marine\",\"isPartOf\":{\"@id\":\"https:\/\/terremarine.it\/fr\/#website\"},\"datePublished\":\"2023-03-08T11:10:30+00:00\",\"dateModified\":\"2024-03-25T17:30:02+00:00\",\"breadcrumb\":{\"@id\":\"https:\/\/terremarine.it\/fr\/politique-en-matiere-de-cookies\/#breadcrumb\"},\"inLanguage\":\"fr-FR\",\"potentialAction\":[{\"@type\":\"ReadAction\",\"target\":[\"https:\/\/terremarine.it\/fr\/politique-en-matiere-de-cookies\/\"]}]},{\"@type\":\"BreadcrumbList\",\"@id\":\"https:\/\/terremarine.it\/fr\/politique-en-matiere-de-cookies\/#breadcrumb\",\"itemListElement\":[{\"@type\":\"ListItem\",\"position\":1,\"name\":\"Home\",\"item\":\"https:\/\/terremarine.it\/fr\/\"},{\"@type\":\"ListItem\",\"position\":2,\"name\":\"Politique en mati\u00e8re de Cookies\"}]},{\"@type\":\"WebSite\",\"@id\":\"https:\/\/terremarine.it\/fr\/#website\",\"url\":\"https:\/\/terremarine.it\/fr\/\",\"name\":\"Terre Marine\",\"description\":\"Case vacanze Cinque Terre e nel Golfo dei Poeti\",\"publisher\":{\"@id\":\"https:\/\/terremarine.it\/fr\/#organization\"},\"potentialAction\":[{\"@type\":\"SearchAction\",\"target\":{\"@type\":\"EntryPoint\",\"urlTemplate\":\"https:\/\/terremarine.it\/fr\/?s={search_term_string}\"},\"query-input\":{\"@type\":\"PropertyValueSpecification\",\"valueRequired\":true,\"valueName\":\"search_term_string\"}}],\"inLanguage\":\"fr-FR\"},{\"@type\":\"Organization\",\"@id\":\"https:\/\/terremarine.it\/fr\/#organization\",\"name\":\"Terre Marine\",\"url\":\"https:\/\/terremarine.it\/fr\/\",\"logo\":{\"@type\":\"ImageObject\",\"inLanguage\":\"fr-FR\",\"@id\":\"https:\/\/terremarine.it\/fr\/#\/schema\/logo\/image\/\",\"url\":\"https:\/\/terremarine.it\/wp-content\/uploads\/2023\/02\/06-512.jpg\",\"contentUrl\":\"https:\/\/terremarine.it\/wp-content\/uploads\/2023\/02\/06-512.jpg\",\"width\":512,\"height\":512,\"caption\":\"Terre Marine\"},\"image\":{\"@id\":\"https:\/\/terremarine.it\/fr\/#\/schema\/logo\/image\/\"},\"sameAs\":[\"https:\/\/www.facebook.com\/terremarinesp\",\"https:\/\/www.instagram.com\/terre_marine_sp\/\"]}]}<\/script>\n<!-- \/ Yoast SEO plugin. -->","yoast_head_json":{"title":"Politique en mati\u00e8re de Cookies - Terre Marine","robots":{"index":"index","follow":"follow","max-snippet":"max-snippet:-1","max-image-preview":"max-image-preview:large","max-video-preview":"max-video-preview:-1"},"canonical":"https:\/\/terremarine.it\/fr\/politique-en-matiere-de-cookies\/","og_locale":"fr_FR","og_type":"article","og_title":"Politique en mati\u00e8re de Cookies - Terre Marine","og_description":"Politique en mati\u00e8re de Cookies Date de la derni\u00e8re mise \u00e0 jour: 08-Mar-2023 Qu\u2019est-ce qu\u2019un Cookie? Cette politique explique ce que sont les cookies et comment on les utilise, les typologies, c\u2019est-\u00e0-dire les informations qu\u2019on obtient en utilisant les cookies et comment ces informations sont utilis\u00e9es, et finalement comment g\u00e9rer les param\u00e8tres des cookies. Les [&hellip;]","og_url":"https:\/\/terremarine.it\/fr\/politique-en-matiere-de-cookies\/","og_site_name":"Terre Marine","article_publisher":"https:\/\/www.facebook.com\/terremarinesp","article_modified_time":"2024-03-25T17:30:02+00:00","og_image":[{"width":1200,"height":675,"url":"https:\/\/terremarine.it\/wp-content\/uploads\/2023\/02\/logo-terre-marine-og.jpg","type":"image\/jpeg"}],"twitter_card":"summary_large_image","twitter_misc":{"Dur\u00e9e de lecture estim\u00e9e":"2 minutes"},"schema":{"@context":"https:\/\/schema.org","@graph":[{"@type":"WebPage","@id":"https:\/\/terremarine.it\/fr\/politique-en-matiere-de-cookies\/","url":"https:\/\/terremarine.it\/fr\/politique-en-matiere-de-cookies\/","name":"Politique en mati\u00e8re de Cookies - Terre Marine","isPartOf":{"@id":"https:\/\/terremarine.it\/fr\/#website"},"datePublished":"2023-03-08T11:10:30+00:00","dateModified":"2024-03-25T17:30:02+00:00","breadcrumb":{"@id":"https:\/\/terremarine.it\/fr\/politique-en-matiere-de-cookies\/#breadcrumb"},"inLanguage":"fr-FR","potentialAction":[{"@type":"ReadAction","target":["https:\/\/terremarine.it\/fr\/politique-en-matiere-de-cookies\/"]}]},{"@type":"BreadcrumbList","@id":"https:\/\/terremarine.it\/fr\/politique-en-matiere-de-cookies\/#breadcrumb","itemListElement":[{"@type":"ListItem","position":1,"name":"Home","item":"https:\/\/terremarine.it\/fr\/"},{"@type":"ListItem","position":2,"name":"Politique en mati\u00e8re de Cookies"}]},{"@type":"WebSite","@id":"https:\/\/terremarine.it\/fr\/#website","url":"https:\/\/terremarine.it\/fr\/","name":"Terre Marine","description":"Case vacanze Cinque Terre e nel Golfo dei Poeti","publisher":{"@id":"https:\/\/terremarine.it\/fr\/#organization"},"potentialAction":[{"@type":"SearchAction","target":{"@type":"EntryPoint","urlTemplate":"https:\/\/terremarine.it\/fr\/?s={search_term_string}"},"query-input":{"@type":"PropertyValueSpecification","valueRequired":true,"valueName":"search_term_string"}}],"inLanguage":"fr-FR"},{"@type":"Organization","@id":"https:\/\/terremarine.it\/fr\/#organization","name":"Terre Marine","url":"https:\/\/terremarine.it\/fr\/","logo":{"@type":"ImageObject","inLanguage":"fr-FR","@id":"https:\/\/terremarine.it\/fr\/#\/schema\/logo\/image\/","url":"https:\/\/terremarine.it\/wp-content\/uploads\/2023\/02\/06-512.jpg","contentUrl":"https:\/\/terremarine.it\/wp-content\/uploads\/2023\/02\/06-512.jpg","width":512,"height":512,"caption":"Terre Marine"},"image":{"@id":"https:\/\/terremarine.it\/fr\/#\/schema\/logo\/image\/"},"sameAs":["https:\/\/www.facebook.com\/terremarinesp","https:\/\/www.instagram.com\/terre_marine_sp\/"]}]}},"_links":{"self":[{"href":"https:\/\/terremarine.it\/fr\/wp-json\/wp\/v2\/pages\/6687","targetHints":{"allow":["GET"]}}],"collection":[{"href":"https:\/\/terremarine.it\/fr\/wp-json\/wp\/v2\/pages"}],"about":[{"href":"https:\/\/terremarine.it\/fr\/wp-json\/wp\/v2\/types\/page"}],"author":[{"embeddable":true,"href":"https:\/\/terremarine.it\/fr\/wp-json\/wp\/v2\/users\/1"}],"replies":[{"embeddable":true,"href":"https:\/\/terremarine.it\/fr\/wp-json\/wp\/v2\/comments?post=6687"}],"version-history":[{"count":5,"href":"https:\/\/terremarine.it\/fr\/wp-json\/wp\/v2\/pages\/6687\/revisions"}],"predecessor-version":[{"id":6946,"href":"https:\/\/terremarine.it\/fr\/wp-json\/wp\/v2\/pages\/6687\/revisions\/6946"}],"wp:attachment":[{"href":"https:\/\/terremarine.it\/fr\/wp-json\/wp\/v2\/media?parent=6687"}],"curies":[{"name":"wp","href":"https:\/\/api.w.org\/{rel}","templated":true}]}}