{"id":6688,"date":"2023-02-08T19:37:55","date_gmt":"2023-02-08T18:37:55","guid":{"rendered":"https:\/\/terremarine.it\/come-prenotare\/"},"modified":"2024-03-25T18:22:38","modified_gmt":"2024-03-25T17:22:38","slug":"comment-reserver","status":"publish","type":"page","link":"https:\/\/terremarine.it\/fr\/comment-reserver\/","title":{"rendered":"Comment r\u00e9server"},"content":{"rendered":"\t\t<div data-elementor-type=\"wp-page\" data-elementor-id=\"6688\" class=\"elementor elementor-6688 elementor-2913\" data-elementor-post-type=\"page\">\n\t\t\t\t<div class=\"elementor-element elementor-element-bfaa50a e-flex e-con-boxed e-con e-parent\" data-id=\"bfaa50a\" data-element_type=\"container\" data-e-type=\"container\">\n\t\t\t\t\t<div class=\"e-con-inner\">\n\t\t\t\t<div class=\"elementor-element elementor-element-0cfa39f elementor-widget__width-auto elementor-absolute elementor-hidden-tablet elementor-hidden-mobile elementor-view-default elementor-invisible elementor-widget elementor-widget-icon\" data-id=\"0cfa39f\" data-element_type=\"widget\" data-e-type=\"widget\" data-settings=\"{&quot;_position&quot;:&quot;absolute&quot;,&quot;_animation&quot;:&quot;zoomIn&quot;}\" data-widget_type=\"icon.default\">\n\t\t\t\t<div class=\"elementor-widget-container\">\n\t\t\t\t\t\t\t<div class=\"elementor-icon-wrapper\">\n\t\t\t<div class=\"elementor-icon\">\n\t\t\t<svg aria-hidden=\"true\" class=\"e-font-icon-svg e-fas-circle\" viewBox=\"0 0 512 512\" xmlns=\"http:\/\/www.w3.org\/2000\/svg\"><path d=\"M256 8C119 8 8 119 8 256s111 248 248 248 248-111 248-248S393 8 256 8z\"><\/path><\/svg>\t\t\t<\/div>\n\t\t<\/div>\n\t\t\t\t\t\t<\/div>\n\t\t\t\t<\/div>\n\t\t<div class=\"elementor-element elementor-element-bc934c1 e-con-full e-flex e-con e-child\" data-id=\"bc934c1\" data-element_type=\"container\" data-e-type=\"container\">\n\t\t\t\t<div class=\"elementor-element elementor-element-6c858db elementor-widget__width-inherit elementor-invisible elementor-widget elementor-widget-heading\" data-id=\"6c858db\" data-element_type=\"widget\" data-e-type=\"widget\" data-settings=\"{&quot;_animation&quot;:&quot;fadeIn&quot;}\" data-widget_type=\"heading.default\">\n\t\t\t\t<div class=\"elementor-widget-container\">\n\t\t\t\t\t<h1 class=\"elementor-heading-title elementor-size-default\">Comment r\u00e9server<\/h1>\t\t\t\t<\/div>\n\t\t\t\t<\/div>\n\t\t\t\t<div class=\"elementor-element elementor-element-4405692 elementor-invisible elementor-widget elementor-widget-text-editor\" data-id=\"4405692\" data-element_type=\"widget\" data-e-type=\"widget\" data-settings=\"{&quot;_animation&quot;:&quot;fadeIn&quot;}\" data-widget_type=\"text-editor.default\">\n\t\t\t\t<div class=\"elementor-widget-container\">\n\t\t\t\t\t\t\t\t\t<h4>VOUS SAVEZ D\u00c9J\u00c0 LA LOCALIT\u00c9 DE VOTRE S\u00c9JOUR?<\/h4><p>Si vous savez d\u00e9j\u00e0 o\u00f9 s\u00e9journer, allez dans la section Home Page du site et cliquez sur O\u00d9 VOUS VOULEZ ALLER pour s\u00e9lectionner votre destination.<\/p><p>Ins\u00e9rez les dates de votre s\u00e9jour, le num\u00e9ro des clients et cliquez sur CHERCHER.<br \/>Choisissez, parmi lesquelles indiqu\u00e9es, la structure la plus adapt\u00e9e pour votre s\u00e9jour. <br \/>S\u00e9lectionnez le tarif que vous pr\u00e9f\u00e9rez entre STANDARD et NON REMBOURSABLE et cliquez sur CONTINUE (au-dessous de chaque tarif vous trouverez les conditions).<\/p><p>Ajoutez, si vous voulez, un ou plusieurs services entre lesquels vous \u00eates propos\u00e9s et cliquez sur CONTINUE.<\/p><p>Ins\u00e9rez vos DONN\u00c9ES PERSONNELLES, DONN\u00c9ES DE CONTACT, HORAIRE D&rsquo;ARRIV\u00c9 PR\u00c9VUS.<\/p><p>ACCEPTEZ les conditions g\u00e9n\u00e9rales et choisissez entre les moyens de paiement propos\u00e9s afin de donner l\u2019acompte demand\u00e9. Apr\u00e8s avoir termin\u00e9 toutes ces op\u00e9rations cliquez sur CONFIRMER ET PAYER. <br \/>Apr\u00e8s avoir fait la r\u00e9servation, vous recevrez un email de confirmation. <br \/>Le jour avant votre arriv\u00e9e on vous contactera pour organiser le check-in.<br \/>Pour n&rsquo;importe quel doute n&rsquo;h\u00e9sitez pas \u00e0 nous contacter au num\u00e9ro +39 351 6079396.<\/p><h4>VOUS VOULEZ CHOISIR LA STRUCTURE LA PLUS ADAPT\u00c9E POUR VOS VACANCES?<\/h4><p>Allez dans la section Home Page du site et cliquez en haut sur STRUCTURES.<\/p><p>Vous trouverez toutes les structures de Terre Marine.<\/p><p>Utilisez les filtres pour choisir la structure la plus adapt\u00e9e pour vous, selon la localit\u00e9, la typologie de la structure m\u00eame, la typologie du voyage que vous avez intention de faire et selon les services demand\u00e9s.<\/p><p>Ins\u00e9rez les date de votre s\u00e9jour, le num\u00e9ro des clients et cliquez sur CHERCHER.<br \/>Choisissez, parmi lesquelles indiqu\u00e9es, la structure la plus adapt\u00e9e pour votre s\u00e9jour. <br \/>S\u00e9lectionnez le tarif que vous pr\u00e9f\u00e9rez entre STANDARD et NON REMBOURSABLE et cliquez sur CONTINUE (au-dessous de chaque tarif vous trouverez les conditions).<\/p><p>Ajoutez, si vous voulez, un ou plusieurs services entre lesquels vous \u00eates propos\u00e9s et cliquez sur CONTINUE.<\/p><p>Ins\u00e9rez vos DONN\u00c9ES PERSONNELLES, DONN\u00c9ES DE CONTACT, HORAIRE D&rsquo;ARRIV\u00c9 PR\u00c9VUS.<\/p><p>ACCEPTEZ les conditions g\u00e9n\u00e9rales et choisissez entre les moyens de paiement propos\u00e9s afin de donner l\u2019acompte demand\u00e9. Apr\u00e8s avoir termin\u00e9 toutes ces op\u00e9rations cliquez sur CONFIRMER ET PAYER. <br \/>Apr\u00e8s avoir fait la r\u00e9servation, vous recevrez un email de confirmation. <br \/>Le jour avant votre arriv\u00e9e on vous contactera pour organiser le check-in.<br \/>Pour n&rsquo;importe quel doute n&rsquo;h\u00e9sitez pas \u00e0 nous contacter au num\u00e9ro +39 351 6079396.<\/p>\t\t\t\t\t\t\t\t<\/div>\n\t\t\t\t<\/div>\n\t\t\t\t<\/div>\n\t\t\t\t\t<\/div>\n\t\t\t\t<\/div>\n\t\t\t\t<\/div>\n\t\t","protected":false},"excerpt":{"rendered":"<p>Comment r\u00e9server VOUS SAVEZ D\u00c9J\u00c0 LA LOCALIT\u00c9 DE VOTRE S\u00c9JOUR? Si vous savez d\u00e9j\u00e0 o\u00f9 s\u00e9journer, allez dans la section Home Page du site et cliquez sur O\u00d9 VOUS VOULEZ ALLER pour s\u00e9lectionner votre destination. Ins\u00e9rez les dates de votre s\u00e9jour, le num\u00e9ro des clients et cliquez sur CHERCHER.Choisissez, parmi lesquelles indiqu\u00e9es, la structure la [&hellip;]<\/p>\n","protected":false},"author":1,"featured_media":0,"parent":0,"menu_order":0,"comment_status":"closed","ping_status":"closed","template":"","meta":{"_acf_changed":false,"footnotes":""},"class_list":["post-6688","page","type-page","status-publish","hentry"],"acf":[],"yoast_head":"<!-- This site is optimized with the Yoast SEO plugin v27.1.1 - https:\/\/yoast.com\/product\/yoast-seo-wordpress\/ -->\n<title>Comment r\u00e9server - Terre Marine<\/title>\n<meta name=\"robots\" content=\"index, follow, max-snippet:-1, max-image-preview:large, max-video-preview:-1\" \/>\n<link rel=\"canonical\" href=\"https:\/\/terremarine.it\/fr\/comment-reserver\/\" \/>\n<meta property=\"og:locale\" content=\"fr_FR\" \/>\n<meta property=\"og:type\" content=\"article\" \/>\n<meta property=\"og:title\" content=\"Comment r\u00e9server - Terre Marine\" \/>\n<meta property=\"og:description\" content=\"Comment r\u00e9server VOUS SAVEZ D\u00c9J\u00c0 LA LOCALIT\u00c9 DE VOTRE S\u00c9JOUR? Si vous savez d\u00e9j\u00e0 o\u00f9 s\u00e9journer, allez dans la section Home Page du site et cliquez sur O\u00d9 VOUS VOULEZ ALLER pour s\u00e9lectionner votre destination. Ins\u00e9rez les dates de votre s\u00e9jour, le num\u00e9ro des clients et cliquez sur CHERCHER.Choisissez, parmi lesquelles indiqu\u00e9es, la structure la [&hellip;]\" \/>\n<meta property=\"og:url\" content=\"https:\/\/terremarine.it\/fr\/comment-reserver\/\" \/>\n<meta property=\"og:site_name\" content=\"Terre Marine\" \/>\n<meta property=\"article:publisher\" content=\"https:\/\/www.facebook.com\/terremarinesp\" \/>\n<meta property=\"article:modified_time\" content=\"2024-03-25T17:22:38+00:00\" \/>\n<meta property=\"og:image\" content=\"https:\/\/terremarine.it\/wp-content\/uploads\/2023\/02\/logo-terre-marine-og.jpg\" \/>\n\t<meta property=\"og:image:width\" content=\"1200\" \/>\n\t<meta property=\"og:image:height\" content=\"675\" \/>\n\t<meta property=\"og:image:type\" content=\"image\/jpeg\" \/>\n<meta name=\"twitter:card\" content=\"summary_large_image\" \/>\n<meta name=\"twitter:label1\" content=\"Dur\u00e9e de lecture estim\u00e9e\" \/>\n\t<meta name=\"twitter:data1\" content=\"2 minutes\" \/>\n<script type=\"application\/ld+json\" class=\"yoast-schema-graph\">{\"@context\":\"https:\/\/schema.org\",\"@graph\":[{\"@type\":\"WebPage\",\"@id\":\"https:\/\/terremarine.it\/fr\/comment-reserver\/\",\"url\":\"https:\/\/terremarine.it\/fr\/comment-reserver\/\",\"name\":\"Comment r\u00e9server - Terre Marine\",\"isPartOf\":{\"@id\":\"https:\/\/terremarine.it\/fr\/#website\"},\"datePublished\":\"2023-02-08T18:37:55+00:00\",\"dateModified\":\"2024-03-25T17:22:38+00:00\",\"breadcrumb\":{\"@id\":\"https:\/\/terremarine.it\/fr\/comment-reserver\/#breadcrumb\"},\"inLanguage\":\"fr-FR\",\"potentialAction\":[{\"@type\":\"ReadAction\",\"target\":[\"https:\/\/terremarine.it\/fr\/comment-reserver\/\"]}]},{\"@type\":\"BreadcrumbList\",\"@id\":\"https:\/\/terremarine.it\/fr\/comment-reserver\/#breadcrumb\",\"itemListElement\":[{\"@type\":\"ListItem\",\"position\":1,\"name\":\"Home\",\"item\":\"https:\/\/terremarine.it\/fr\/\"},{\"@type\":\"ListItem\",\"position\":2,\"name\":\"Comment r\u00e9server\"}]},{\"@type\":\"WebSite\",\"@id\":\"https:\/\/terremarine.it\/fr\/#website\",\"url\":\"https:\/\/terremarine.it\/fr\/\",\"name\":\"Terre Marine\",\"description\":\"Case vacanze Cinque Terre e nel Golfo dei Poeti\",\"publisher\":{\"@id\":\"https:\/\/terremarine.it\/fr\/#organization\"},\"potentialAction\":[{\"@type\":\"SearchAction\",\"target\":{\"@type\":\"EntryPoint\",\"urlTemplate\":\"https:\/\/terremarine.it\/fr\/?s={search_term_string}\"},\"query-input\":{\"@type\":\"PropertyValueSpecification\",\"valueRequired\":true,\"valueName\":\"search_term_string\"}}],\"inLanguage\":\"fr-FR\"},{\"@type\":\"Organization\",\"@id\":\"https:\/\/terremarine.it\/fr\/#organization\",\"name\":\"Terre Marine\",\"url\":\"https:\/\/terremarine.it\/fr\/\",\"logo\":{\"@type\":\"ImageObject\",\"inLanguage\":\"fr-FR\",\"@id\":\"https:\/\/terremarine.it\/fr\/#\/schema\/logo\/image\/\",\"url\":\"https:\/\/terremarine.it\/wp-content\/uploads\/2023\/02\/06-512.jpg\",\"contentUrl\":\"https:\/\/terremarine.it\/wp-content\/uploads\/2023\/02\/06-512.jpg\",\"width\":512,\"height\":512,\"caption\":\"Terre Marine\"},\"image\":{\"@id\":\"https:\/\/terremarine.it\/fr\/#\/schema\/logo\/image\/\"},\"sameAs\":[\"https:\/\/www.facebook.com\/terremarinesp\",\"https:\/\/www.instagram.com\/terre_marine_sp\/\"]}]}<\/script>\n<!-- \/ Yoast SEO plugin. -->","yoast_head_json":{"title":"Comment r\u00e9server - Terre Marine","robots":{"index":"index","follow":"follow","max-snippet":"max-snippet:-1","max-image-preview":"max-image-preview:large","max-video-preview":"max-video-preview:-1"},"canonical":"https:\/\/terremarine.it\/fr\/comment-reserver\/","og_locale":"fr_FR","og_type":"article","og_title":"Comment r\u00e9server - Terre Marine","og_description":"Comment r\u00e9server VOUS SAVEZ D\u00c9J\u00c0 LA LOCALIT\u00c9 DE VOTRE S\u00c9JOUR? Si vous savez d\u00e9j\u00e0 o\u00f9 s\u00e9journer, allez dans la section Home Page du site et cliquez sur O\u00d9 VOUS VOULEZ ALLER pour s\u00e9lectionner votre destination. Ins\u00e9rez les dates de votre s\u00e9jour, le num\u00e9ro des clients et cliquez sur CHERCHER.Choisissez, parmi lesquelles indiqu\u00e9es, la structure la [&hellip;]","og_url":"https:\/\/terremarine.it\/fr\/comment-reserver\/","og_site_name":"Terre Marine","article_publisher":"https:\/\/www.facebook.com\/terremarinesp","article_modified_time":"2024-03-25T17:22:38+00:00","og_image":[{"width":1200,"height":675,"url":"https:\/\/terremarine.it\/wp-content\/uploads\/2023\/02\/logo-terre-marine-og.jpg","type":"image\/jpeg"}],"twitter_card":"summary_large_image","twitter_misc":{"Dur\u00e9e de lecture estim\u00e9e":"2 minutes"},"schema":{"@context":"https:\/\/schema.org","@graph":[{"@type":"WebPage","@id":"https:\/\/terremarine.it\/fr\/comment-reserver\/","url":"https:\/\/terremarine.it\/fr\/comment-reserver\/","name":"Comment r\u00e9server - Terre Marine","isPartOf":{"@id":"https:\/\/terremarine.it\/fr\/#website"},"datePublished":"2023-02-08T18:37:55+00:00","dateModified":"2024-03-25T17:22:38+00:00","breadcrumb":{"@id":"https:\/\/terremarine.it\/fr\/comment-reserver\/#breadcrumb"},"inLanguage":"fr-FR","potentialAction":[{"@type":"ReadAction","target":["https:\/\/terremarine.it\/fr\/comment-reserver\/"]}]},{"@type":"BreadcrumbList","@id":"https:\/\/terremarine.it\/fr\/comment-reserver\/#breadcrumb","itemListElement":[{"@type":"ListItem","position":1,"name":"Home","item":"https:\/\/terremarine.it\/fr\/"},{"@type":"ListItem","position":2,"name":"Comment r\u00e9server"}]},{"@type":"WebSite","@id":"https:\/\/terremarine.it\/fr\/#website","url":"https:\/\/terremarine.it\/fr\/","name":"Terre Marine","description":"Case vacanze Cinque Terre e nel Golfo dei Poeti","publisher":{"@id":"https:\/\/terremarine.it\/fr\/#organization"},"potentialAction":[{"@type":"SearchAction","target":{"@type":"EntryPoint","urlTemplate":"https:\/\/terremarine.it\/fr\/?s={search_term_string}"},"query-input":{"@type":"PropertyValueSpecification","valueRequired":true,"valueName":"search_term_string"}}],"inLanguage":"fr-FR"},{"@type":"Organization","@id":"https:\/\/terremarine.it\/fr\/#organization","name":"Terre Marine","url":"https:\/\/terremarine.it\/fr\/","logo":{"@type":"ImageObject","inLanguage":"fr-FR","@id":"https:\/\/terremarine.it\/fr\/#\/schema\/logo\/image\/","url":"https:\/\/terremarine.it\/wp-content\/uploads\/2023\/02\/06-512.jpg","contentUrl":"https:\/\/terremarine.it\/wp-content\/uploads\/2023\/02\/06-512.jpg","width":512,"height":512,"caption":"Terre Marine"},"image":{"@id":"https:\/\/terremarine.it\/fr\/#\/schema\/logo\/image\/"},"sameAs":["https:\/\/www.facebook.com\/terremarinesp","https:\/\/www.instagram.com\/terre_marine_sp\/"]}]}},"_links":{"self":[{"href":"https:\/\/terremarine.it\/fr\/wp-json\/wp\/v2\/pages\/6688","targetHints":{"allow":["GET"]}}],"collection":[{"href":"https:\/\/terremarine.it\/fr\/wp-json\/wp\/v2\/pages"}],"about":[{"href":"https:\/\/terremarine.it\/fr\/wp-json\/wp\/v2\/types\/page"}],"author":[{"embeddable":true,"href":"https:\/\/terremarine.it\/fr\/wp-json\/wp\/v2\/users\/1"}],"replies":[{"embeddable":true,"href":"https:\/\/terremarine.it\/fr\/wp-json\/wp\/v2\/comments?post=6688"}],"version-history":[{"count":4,"href":"https:\/\/terremarine.it\/fr\/wp-json\/wp\/v2\/pages\/6688\/revisions"}],"predecessor-version":[{"id":6933,"href":"https:\/\/terremarine.it\/fr\/wp-json\/wp\/v2\/pages\/6688\/revisions\/6933"}],"wp:attachment":[{"href":"https:\/\/terremarine.it\/fr\/wp-json\/wp\/v2\/media?parent=6688"}],"curies":[{"name":"wp","href":"https:\/\/api.w.org\/{rel}","templated":true}]}}