{"id":6694,"date":"2023-02-07T15:30:54","date_gmt":"2023-02-07T15:30:54","guid":{"rendered":"https:\/\/terremarine.it\/privacy-policy\/"},"modified":"2024-03-25T18:25:49","modified_gmt":"2024-03-25T17:25:49","slug":"politique-de-confidialite","status":"publish","type":"page","link":"https:\/\/terremarine.it\/fr\/politique-de-confidialite\/","title":{"rendered":"Politique de Confidialit\u00e9"},"content":{"rendered":"\t\t<div data-elementor-type=\"wp-page\" data-elementor-id=\"6694\" class=\"elementor elementor-6694 elementor-2919\" data-elementor-post-type=\"page\">\n\t\t\t\t<div class=\"elementor-element elementor-element-f4fdf25 e-flex e-con-boxed e-con e-parent\" data-id=\"f4fdf25\" data-element_type=\"container\" data-e-type=\"container\">\n\t\t\t\t\t<div class=\"e-con-inner\">\n\t\t\t\t<div class=\"elementor-element elementor-element-cf1d1c3 elementor-widget__width-auto elementor-absolute elementor-hidden-tablet elementor-hidden-mobile elementor-view-default elementor-invisible elementor-widget elementor-widget-icon\" data-id=\"cf1d1c3\" data-element_type=\"widget\" data-e-type=\"widget\" data-settings=\"{&quot;_position&quot;:&quot;absolute&quot;,&quot;_animation&quot;:&quot;zoomIn&quot;}\" data-widget_type=\"icon.default\">\n\t\t\t\t<div class=\"elementor-widget-container\">\n\t\t\t\t\t\t\t<div class=\"elementor-icon-wrapper\">\n\t\t\t<div class=\"elementor-icon\">\n\t\t\t<svg aria-hidden=\"true\" class=\"e-font-icon-svg e-fas-circle\" viewBox=\"0 0 512 512\" xmlns=\"http:\/\/www.w3.org\/2000\/svg\"><path d=\"M256 8C119 8 8 119 8 256s111 248 248 248 248-111 248-248S393 8 256 8z\"><\/path><\/svg>\t\t\t<\/div>\n\t\t<\/div>\n\t\t\t\t\t\t<\/div>\n\t\t\t\t<\/div>\n\t\t<div class=\"elementor-element elementor-element-40b978f e-con-full e-flex e-con e-child\" data-id=\"40b978f\" data-element_type=\"container\" data-e-type=\"container\">\n\t\t\t\t<div class=\"elementor-element elementor-element-cb55f88 elementor-widget__width-inherit elementor-invisible elementor-widget elementor-widget-heading\" data-id=\"cb55f88\" data-element_type=\"widget\" data-e-type=\"widget\" data-settings=\"{&quot;_animation&quot;:&quot;fadeIn&quot;}\" data-widget_type=\"heading.default\">\n\t\t\t\t<div class=\"elementor-widget-container\">\n\t\t\t\t\t<h1 class=\"elementor-heading-title elementor-size-default\">Politique de Confidialit\u00e9<\/h1>\t\t\t\t<\/div>\n\t\t\t\t<\/div>\n\t\t\t\t<div class=\"elementor-element elementor-element-cfaac48 elementor-invisible elementor-widget elementor-widget-text-editor\" data-id=\"cfaac48\" data-element_type=\"widget\" data-e-type=\"widget\" data-settings=\"{&quot;_animation&quot;:&quot;fadeIn&quot;}\" data-widget_type=\"text-editor.default\">\n\t\t\t\t<div class=\"elementor-widget-container\">\n\t\t\t\t\t\t\t\t\t<p>Terre Marine prend tr\u00e8s au s\u00e9rieux la confidentialit\u00e9 de l\u2019utilisateur et s\u2019engage \u00e0 la respecter. La suivante Politique de Confidentialit\u00e9 d\u00e9crit les activit\u00e9s de traitement de donn\u00e9es personnelles r\u00e9alis\u00e9es par la Soci\u00e9t\u00e9 via le site www.terremarine.it et les engagements correspondants pris en ce sens par la Soci\u00e9t\u00e9. La Soci\u00e9t\u00e9 peut utiliser les donn\u00e9es personnelles de l\u2019utilisateur quand il se trouve sur le site et il utilise les services et les fonctions du site m\u00eame. Dans la section du site o\u00f9 sont collect\u00e9es les donn\u00e9es personnelles, g\u00e9n\u00e9ralement est publi\u00e9e une note d\u2019information sp\u00e9cifique conform\u00e9ment \u00e0 l\u2019article 13 du D\u00e9cret L\u00e9gislatif n. 196\/2003, avec \u00e9ventuelles modifications et int\u00e9grations. Dans tous les cas, la Politique de Confidentialit\u00e9 compl\u00e8te et constitue une note d\u2019information sp\u00e9cifique aux int\u00e9ress\u00e9s conform\u00e9ment \u00e0 l\u2019art.13 du Code de Confidentialit\u00e9. Si pr\u00e9vus par le Code de Confidentialit\u00e9, il est demand\u00e9 le consentement de l\u2019utilisateur avant de proc\u00e9der au traitement des donn\u00e9es personnelles. Si l\u2019utilisateur fournit des donn\u00e9es personnelles de tiers, il doit s\u2019assurer que la communication de m\u00eame donn\u00e9es \u00e0 la Soci\u00e9t\u00e9 et le successif traitement aux fins sp\u00e9cifi\u00e9es dans la politique de confidentialit\u00e9, soit conforme au Code de Confidentialit\u00e9. Par exemple, l&rsquo;utilisateur peut fournir des donn\u00e9es personnelles des tiers apr\u00e8s les avoir inform\u00e9s et apr\u00e8s avoir re\u00e7u le consentement au traitement.<\/p><h4>Propri\u00e9taire et Responsable du traitement<\/h4><p>Le propri\u00e9taire du traitement est Welcome Way, ayant son si\u00e8ge en Via Giovanni Pascoli 19, La Spezia 19123, Italia (+39) 351 6079396, info@welcomeway.it. Le responsable du traitement est Andrea Bini, domicili\u00e9 au si\u00e8ge de la soci\u00e9t\u00e9 susmentionn\u00e9.<\/p><h4>Types des donn\u00e9es trait\u00e9es<\/h4><p>La visite et la consultation du site, g\u00e9n\u00e9ralement ne comporte pas la r\u00e9colte et le traitement des donn\u00e9es personnelles de l\u2019utilisateur \u00e0 l&rsquo;exception des donn\u00e9es de navigation et des cookies comme indiqu\u00e9 ci-dessous. En plus des donn\u00e9es de navigation, ils peuvent \u00eatre objet de traitement des donn\u00e9es personnelles fournies de fa\u00e7on volontaire par l\u2019utilisateur lorsque celui-ci interagit avec les fonctionnalit\u00e9s du Site ou demande d\u2019utiliser les services offerts. Conform\u00e9ment au Code de confidentialit\u00e9, la Soci\u00e9t\u00e9 peut \u00e9galement collecter des donn\u00e9es personnelles de l\u2019utilisateur aupr\u00e8s de tiers dans la conduite de ses affaires.<\/p>\t\t\t\t\t\t\t\t<\/div>\n\t\t\t\t<\/div>\n\t\t\t\t<\/div>\n\t\t\t\t\t<\/div>\n\t\t\t\t<\/div>\n\t\t\t\t<\/div>\n\t\t","protected":false},"excerpt":{"rendered":"<p>Politique de Confidialit\u00e9 Terre Marine prend tr\u00e8s au s\u00e9rieux la confidentialit\u00e9 de l\u2019utilisateur et s\u2019engage \u00e0 la respecter. La suivante Politique de Confidentialit\u00e9 d\u00e9crit les activit\u00e9s de traitement de donn\u00e9es personnelles r\u00e9alis\u00e9es par la Soci\u00e9t\u00e9 via le site www.terremarine.it et les engagements correspondants pris en ce sens par la Soci\u00e9t\u00e9. La Soci\u00e9t\u00e9 peut utiliser les [&hellip;]<\/p>\n","protected":false},"author":1,"featured_media":0,"parent":0,"menu_order":28,"comment_status":"closed","ping_status":"open","template":"","meta":{"_acf_changed":false,"footnotes":""},"class_list":["post-6694","page","type-page","status-publish","hentry"],"acf":[],"yoast_head":"<!-- This site is optimized with the Yoast SEO plugin v27.1.1 - https:\/\/yoast.com\/product\/yoast-seo-wordpress\/ -->\n<title>Politique de Confidialit\u00e9 - Terre Marine<\/title>\n<meta name=\"robots\" content=\"index, follow, max-snippet:-1, max-image-preview:large, max-video-preview:-1\" \/>\n<link rel=\"canonical\" href=\"https:\/\/terremarine.it\/fr\/politique-de-confidialite\/\" \/>\n<meta property=\"og:locale\" content=\"fr_FR\" \/>\n<meta property=\"og:type\" content=\"article\" \/>\n<meta property=\"og:title\" content=\"Politique de Confidialit\u00e9 - Terre Marine\" \/>\n<meta property=\"og:description\" content=\"Politique de Confidialit\u00e9 Terre Marine prend tr\u00e8s au s\u00e9rieux la confidentialit\u00e9 de l\u2019utilisateur et s\u2019engage \u00e0 la respecter. La suivante Politique de Confidentialit\u00e9 d\u00e9crit les activit\u00e9s de traitement de donn\u00e9es personnelles r\u00e9alis\u00e9es par la Soci\u00e9t\u00e9 via le site www.terremarine.it et les engagements correspondants pris en ce sens par la Soci\u00e9t\u00e9. La Soci\u00e9t\u00e9 peut utiliser les [&hellip;]\" \/>\n<meta property=\"og:url\" content=\"https:\/\/terremarine.it\/fr\/politique-de-confidialite\/\" \/>\n<meta property=\"og:site_name\" content=\"Terre Marine\" \/>\n<meta property=\"article:publisher\" content=\"https:\/\/www.facebook.com\/terremarinesp\" \/>\n<meta property=\"article:modified_time\" content=\"2024-03-25T17:25:49+00:00\" \/>\n<meta property=\"og:image\" content=\"https:\/\/terremarine.it\/wp-content\/uploads\/2023\/02\/logo-terre-marine-og.jpg\" \/>\n\t<meta property=\"og:image:width\" content=\"1200\" \/>\n\t<meta property=\"og:image:height\" content=\"675\" \/>\n\t<meta property=\"og:image:type\" content=\"image\/jpeg\" \/>\n<meta name=\"twitter:card\" content=\"summary_large_image\" \/>\n<meta name=\"twitter:label1\" content=\"Dur\u00e9e de lecture estim\u00e9e\" \/>\n\t<meta name=\"twitter:data1\" content=\"2 minutes\" \/>\n<script type=\"application\/ld+json\" class=\"yoast-schema-graph\">{\"@context\":\"https:\/\/schema.org\",\"@graph\":[{\"@type\":\"WebPage\",\"@id\":\"https:\/\/terremarine.it\/fr\/politique-de-confidialite\/\",\"url\":\"https:\/\/terremarine.it\/fr\/politique-de-confidialite\/\",\"name\":\"Politique de Confidialit\u00e9 - Terre Marine\",\"isPartOf\":{\"@id\":\"https:\/\/terremarine.it\/fr\/#website\"},\"datePublished\":\"2023-02-07T15:30:54+00:00\",\"dateModified\":\"2024-03-25T17:25:49+00:00\",\"breadcrumb\":{\"@id\":\"https:\/\/terremarine.it\/fr\/politique-de-confidialite\/#breadcrumb\"},\"inLanguage\":\"fr-FR\",\"potentialAction\":[{\"@type\":\"ReadAction\",\"target\":[\"https:\/\/terremarine.it\/fr\/politique-de-confidialite\/\"]}]},{\"@type\":\"BreadcrumbList\",\"@id\":\"https:\/\/terremarine.it\/fr\/politique-de-confidialite\/#breadcrumb\",\"itemListElement\":[{\"@type\":\"ListItem\",\"position\":1,\"name\":\"Home\",\"item\":\"https:\/\/terremarine.it\/fr\/\"},{\"@type\":\"ListItem\",\"position\":2,\"name\":\"Politique de Confidialit\u00e9\"}]},{\"@type\":\"WebSite\",\"@id\":\"https:\/\/terremarine.it\/fr\/#website\",\"url\":\"https:\/\/terremarine.it\/fr\/\",\"name\":\"Terre Marine\",\"description\":\"Case vacanze Cinque Terre e nel Golfo dei Poeti\",\"publisher\":{\"@id\":\"https:\/\/terremarine.it\/fr\/#organization\"},\"potentialAction\":[{\"@type\":\"SearchAction\",\"target\":{\"@type\":\"EntryPoint\",\"urlTemplate\":\"https:\/\/terremarine.it\/fr\/?s={search_term_string}\"},\"query-input\":{\"@type\":\"PropertyValueSpecification\",\"valueRequired\":true,\"valueName\":\"search_term_string\"}}],\"inLanguage\":\"fr-FR\"},{\"@type\":\"Organization\",\"@id\":\"https:\/\/terremarine.it\/fr\/#organization\",\"name\":\"Terre Marine\",\"url\":\"https:\/\/terremarine.it\/fr\/\",\"logo\":{\"@type\":\"ImageObject\",\"inLanguage\":\"fr-FR\",\"@id\":\"https:\/\/terremarine.it\/fr\/#\/schema\/logo\/image\/\",\"url\":\"https:\/\/terremarine.it\/wp-content\/uploads\/2023\/02\/06-512.jpg\",\"contentUrl\":\"https:\/\/terremarine.it\/wp-content\/uploads\/2023\/02\/06-512.jpg\",\"width\":512,\"height\":512,\"caption\":\"Terre Marine\"},\"image\":{\"@id\":\"https:\/\/terremarine.it\/fr\/#\/schema\/logo\/image\/\"},\"sameAs\":[\"https:\/\/www.facebook.com\/terremarinesp\",\"https:\/\/www.instagram.com\/terre_marine_sp\/\"]}]}<\/script>\n<!-- \/ Yoast SEO plugin. -->","yoast_head_json":{"title":"Politique de Confidialit\u00e9 - Terre Marine","robots":{"index":"index","follow":"follow","max-snippet":"max-snippet:-1","max-image-preview":"max-image-preview:large","max-video-preview":"max-video-preview:-1"},"canonical":"https:\/\/terremarine.it\/fr\/politique-de-confidialite\/","og_locale":"fr_FR","og_type":"article","og_title":"Politique de Confidialit\u00e9 - Terre Marine","og_description":"Politique de Confidialit\u00e9 Terre Marine prend tr\u00e8s au s\u00e9rieux la confidentialit\u00e9 de l\u2019utilisateur et s\u2019engage \u00e0 la respecter. La suivante Politique de Confidentialit\u00e9 d\u00e9crit les activit\u00e9s de traitement de donn\u00e9es personnelles r\u00e9alis\u00e9es par la Soci\u00e9t\u00e9 via le site www.terremarine.it et les engagements correspondants pris en ce sens par la Soci\u00e9t\u00e9. La Soci\u00e9t\u00e9 peut utiliser les [&hellip;]","og_url":"https:\/\/terremarine.it\/fr\/politique-de-confidialite\/","og_site_name":"Terre Marine","article_publisher":"https:\/\/www.facebook.com\/terremarinesp","article_modified_time":"2024-03-25T17:25:49+00:00","og_image":[{"width":1200,"height":675,"url":"https:\/\/terremarine.it\/wp-content\/uploads\/2023\/02\/logo-terre-marine-og.jpg","type":"image\/jpeg"}],"twitter_card":"summary_large_image","twitter_misc":{"Dur\u00e9e de lecture estim\u00e9e":"2 minutes"},"schema":{"@context":"https:\/\/schema.org","@graph":[{"@type":"WebPage","@id":"https:\/\/terremarine.it\/fr\/politique-de-confidialite\/","url":"https:\/\/terremarine.it\/fr\/politique-de-confidialite\/","name":"Politique de Confidialit\u00e9 - Terre Marine","isPartOf":{"@id":"https:\/\/terremarine.it\/fr\/#website"},"datePublished":"2023-02-07T15:30:54+00:00","dateModified":"2024-03-25T17:25:49+00:00","breadcrumb":{"@id":"https:\/\/terremarine.it\/fr\/politique-de-confidialite\/#breadcrumb"},"inLanguage":"fr-FR","potentialAction":[{"@type":"ReadAction","target":["https:\/\/terremarine.it\/fr\/politique-de-confidialite\/"]}]},{"@type":"BreadcrumbList","@id":"https:\/\/terremarine.it\/fr\/politique-de-confidialite\/#breadcrumb","itemListElement":[{"@type":"ListItem","position":1,"name":"Home","item":"https:\/\/terremarine.it\/fr\/"},{"@type":"ListItem","position":2,"name":"Politique de Confidialit\u00e9"}]},{"@type":"WebSite","@id":"https:\/\/terremarine.it\/fr\/#website","url":"https:\/\/terremarine.it\/fr\/","name":"Terre Marine","description":"Case vacanze Cinque Terre e nel Golfo dei Poeti","publisher":{"@id":"https:\/\/terremarine.it\/fr\/#organization"},"potentialAction":[{"@type":"SearchAction","target":{"@type":"EntryPoint","urlTemplate":"https:\/\/terremarine.it\/fr\/?s={search_term_string}"},"query-input":{"@type":"PropertyValueSpecification","valueRequired":true,"valueName":"search_term_string"}}],"inLanguage":"fr-FR"},{"@type":"Organization","@id":"https:\/\/terremarine.it\/fr\/#organization","name":"Terre Marine","url":"https:\/\/terremarine.it\/fr\/","logo":{"@type":"ImageObject","inLanguage":"fr-FR","@id":"https:\/\/terremarine.it\/fr\/#\/schema\/logo\/image\/","url":"https:\/\/terremarine.it\/wp-content\/uploads\/2023\/02\/06-512.jpg","contentUrl":"https:\/\/terremarine.it\/wp-content\/uploads\/2023\/02\/06-512.jpg","width":512,"height":512,"caption":"Terre Marine"},"image":{"@id":"https:\/\/terremarine.it\/fr\/#\/schema\/logo\/image\/"},"sameAs":["https:\/\/www.facebook.com\/terremarinesp","https:\/\/www.instagram.com\/terre_marine_sp\/"]}]}},"_links":{"self":[{"href":"https:\/\/terremarine.it\/fr\/wp-json\/wp\/v2\/pages\/6694","targetHints":{"allow":["GET"]}}],"collection":[{"href":"https:\/\/terremarine.it\/fr\/wp-json\/wp\/v2\/pages"}],"about":[{"href":"https:\/\/terremarine.it\/fr\/wp-json\/wp\/v2\/types\/page"}],"author":[{"embeddable":true,"href":"https:\/\/terremarine.it\/fr\/wp-json\/wp\/v2\/users\/1"}],"replies":[{"embeddable":true,"href":"https:\/\/terremarine.it\/fr\/wp-json\/wp\/v2\/comments?post=6694"}],"version-history":[{"count":7,"href":"https:\/\/terremarine.it\/fr\/wp-json\/wp\/v2\/pages\/6694\/revisions"}],"predecessor-version":[{"id":6943,"href":"https:\/\/terremarine.it\/fr\/wp-json\/wp\/v2\/pages\/6694\/revisions\/6943"}],"wp:attachment":[{"href":"https:\/\/terremarine.it\/fr\/wp-json\/wp\/v2\/media?parent=6694"}],"curies":[{"name":"wp","href":"https:\/\/api.w.org\/{rel}","templated":true}]}}